{"id":31,"date":"2021-01-25T13:38:57","date_gmt":"2021-01-25T13:38:57","guid":{"rendered":"http:\/\/www.varsanyirozmaring.hu\/?page_id=31"},"modified":"2022-10-12T09:54:00","modified_gmt":"2022-10-12T09:54:00","slug":"galeria","status":"publish","type":"page","link":"https:\/\/www.varsanyirozmaring.hu\/?page_id=31","title":{"rendered":"Gal\u00e9ria"},"content":{"rendered":"<p><em><span style=\"font-family: 'comic sans ms', sans-serif;\">\u00c9tterem fot\u00f3k<\/span><\/em><\/p>\n<div id='gallery-1' class='gallery galleryid-31 gallery-columns-3 gallery-size-large'><figure class='gallery-item'>\n\t\t\t<div class='gallery-icon landscape'>\n\t\t\t\t<a href='https:\/\/www.varsanyirozmaring.hu\/wp-content\/uploads\/2022\/09\/240311035_4380665361996432_2128845121458509793_n.jpg'><img width=\"525\" height=\"394\" src=\"https:\/\/www.varsanyirozmaring.hu\/wp-content\/uploads\/2022\/09\/240311035_4380665361996432_2128845121458509793_n.jpg\" class=\"attachment-large size-large\" alt=\"\" loading=\"lazy\" srcset=\"https:\/\/www.varsanyirozmaring.hu\/wp-content\/uploads\/2022\/09\/240311035_4380665361996432_2128845121458509793_n.jpg 960w, https:\/\/www.varsanyirozmaring.hu\/wp-content\/uploads\/2022\/09\/240311035_4380665361996432_2128845121458509793_n-300x225.jpg 300w, https:\/\/www.varsanyirozmaring.hu\/wp-content\/uploads\/2022\/09\/240311035_4380665361996432_2128845121458509793_n-768x576.jpg 768w\" sizes=\"(max-width: 525px) 100vw, 525px\" \/><\/a>\n\t\t\t<\/div><\/figure><figure class='gallery-item'>\n\t\t\t<div class='gallery-icon landscape'>\n\t\t\t\t<a href='https:\/\/www.varsanyirozmaring.hu\/wp-content\/uploads\/2022\/05\/278532546_4986637524737876_8251351808020467445_n-1.jpg'><img width=\"525\" height=\"394\" src=\"https:\/\/www.varsanyirozmaring.hu\/wp-content\/uploads\/2022\/05\/278532546_4986637524737876_8251351808020467445_n-1-1024x768.jpg\" class=\"attachment-large size-large\" alt=\"\" loading=\"lazy\" srcset=\"https:\/\/www.varsanyirozmaring.hu\/wp-content\/uploads\/2022\/05\/278532546_4986637524737876_8251351808020467445_n-1-1024x768.jpg 1024w, https:\/\/www.varsanyirozmaring.hu\/wp-content\/uploads\/2022\/05\/278532546_4986637524737876_8251351808020467445_n-1-300x225.jpg 300w, https:\/\/www.varsanyirozmaring.hu\/wp-content\/uploads\/2022\/05\/278532546_4986637524737876_8251351808020467445_n-1-768x576.jpg 768w, https:\/\/www.varsanyirozmaring.hu\/wp-content\/uploads\/2022\/05\/278532546_4986637524737876_8251351808020467445_n-1-1536x1152.jpg 1536w, https:\/\/www.varsanyirozmaring.hu\/wp-content\/uploads\/2022\/05\/278532546_4986637524737876_8251351808020467445_n-1.jpg 2048w\" sizes=\"(max-width: 525px) 100vw, 525px\" \/><\/a>\n\t\t\t<\/div><\/figure><figure class='gallery-item'>\n\t\t\t<div class='gallery-icon landscape'>\n\t\t\t\t<a href='https:\/\/www.varsanyirozmaring.hu\/wp-content\/uploads\/2022\/09\/275741418_5070702452967873_2284892281882143454_n.jpg'><img width=\"525\" height=\"410\" src=\"https:\/\/www.varsanyirozmaring.hu\/wp-content\/uploads\/2022\/09\/275741418_5070702452967873_2284892281882143454_n-1024x800.jpg\" class=\"attachment-large size-large\" alt=\"\" loading=\"lazy\" srcset=\"https:\/\/www.varsanyirozmaring.hu\/wp-content\/uploads\/2022\/09\/275741418_5070702452967873_2284892281882143454_n-1024x800.jpg 1024w, https:\/\/www.varsanyirozmaring.hu\/wp-content\/uploads\/2022\/09\/275741418_5070702452967873_2284892281882143454_n-300x234.jpg 300w, https:\/\/www.varsanyirozmaring.hu\/wp-content\/uploads\/2022\/09\/275741418_5070702452967873_2284892281882143454_n-768x600.jpg 768w, https:\/\/www.varsanyirozmaring.hu\/wp-content\/uploads\/2022\/09\/275741418_5070702452967873_2284892281882143454_n-1536x1200.jpg 1536w, https:\/\/www.varsanyirozmaring.hu\/wp-content\/uploads\/2022\/09\/275741418_5070702452967873_2284892281882143454_n.jpg 2048w\" sizes=\"(max-width: 525px) 100vw, 525px\" \/><\/a>\n\t\t\t<\/div><\/figure>\n\t\t<\/div>\n\n<div id='gallery-2' class='gallery galleryid-31 gallery-columns-3 gallery-size-large'><figure class='gallery-item'>\n\t\t\t<div class='gallery-icon landscape'>\n\t\t\t\t<a href='https:\/\/www.varsanyirozmaring.hu\/wp-content\/uploads\/2022\/09\/2021-06-25.jpg'><img width=\"525\" height=\"295\" src=\"https:\/\/www.varsanyirozmaring.hu\/wp-content\/uploads\/2022\/09\/2021-06-25.jpg\" class=\"attachment-large size-large\" alt=\"\" loading=\"lazy\" srcset=\"https:\/\/www.varsanyirozmaring.hu\/wp-content\/uploads\/2022\/09\/2021-06-25.jpg 649w, https:\/\/www.varsanyirozmaring.hu\/wp-content\/uploads\/2022\/09\/2021-06-25-300x169.jpg 300w\" sizes=\"(max-width: 525px) 100vw, 525px\" \/><\/a>\n\t\t\t<\/div><\/figure><figure class='gallery-item'>\n\t\t\t<div class='gallery-icon portrait'>\n\t\t\t\t<a href='https:\/\/www.varsanyirozmaring.hu\/wp-content\/uploads\/2022\/09\/240440915_4380665318663103_4167291003397056327_n.jpg'><img width=\"525\" height=\"700\" src=\"https:\/\/www.varsanyirozmaring.hu\/wp-content\/uploads\/2022\/09\/240440915_4380665318663103_4167291003397056327_n.jpg\" class=\"attachment-large size-large\" alt=\"\" loading=\"lazy\" srcset=\"https:\/\/www.varsanyirozmaring.hu\/wp-content\/uploads\/2022\/09\/240440915_4380665318663103_4167291003397056327_n.jpg 720w, https:\/\/www.varsanyirozmaring.hu\/wp-content\/uploads\/2022\/09\/240440915_4380665318663103_4167291003397056327_n-225x300.jpg 225w\" sizes=\"(max-width: 525px) 100vw, 525px\" \/><\/a>\n\t\t\t<\/div><\/figure><figure class='gallery-item'>\n\t\t\t<div class='gallery-icon landscape'>\n\t\t\t\t<a href='https:\/\/www.varsanyirozmaring.hu\/wp-content\/uploads\/2021\/01\/IMG_4050-Copy-1-scaled.jpg'><img width=\"525\" height=\"350\" src=\"https:\/\/www.varsanyirozmaring.hu\/wp-content\/uploads\/2021\/01\/IMG_4050-Copy-1-1024x683.jpg\" class=\"attachment-large size-large\" alt=\"\" loading=\"lazy\" srcset=\"https:\/\/www.varsanyirozmaring.hu\/wp-content\/uploads\/2021\/01\/IMG_4050-Copy-1-1024x683.jpg 1024w, https:\/\/www.varsanyirozmaring.hu\/wp-content\/uploads\/2021\/01\/IMG_4050-Copy-1-300x200.jpg 300w, https:\/\/www.varsanyirozmaring.hu\/wp-content\/uploads\/2021\/01\/IMG_4050-Copy-1-768x512.jpg 768w, https:\/\/www.varsanyirozmaring.hu\/wp-content\/uploads\/2021\/01\/IMG_4050-Copy-1-1536x1024.jpg 1536w, https:\/\/www.varsanyirozmaring.hu\/wp-content\/uploads\/2021\/01\/IMG_4050-Copy-1-2048x1365.jpg 2048w, https:\/\/www.varsanyirozmaring.hu\/wp-content\/uploads\/2021\/01\/IMG_4050-Copy-1-1200x800.jpg 1200w, https:\/\/www.varsanyirozmaring.hu\/wp-content\/uploads\/2021\/01\/IMG_4050-Copy-1-1980x1320.jpg 1980w\" sizes=\"(max-width: 525px) 100vw, 525px\" \/><\/a>\n\t\t\t<\/div><\/figure><figure class='gallery-item'>\n\t\t\t<div class='gallery-icon landscape'>\n\t\t\t\t<a href='https:\/\/www.varsanyirozmaring.hu\/wp-content\/uploads\/2021\/01\/IMG_4049-Copy-1-scaled.jpg'><img width=\"525\" height=\"350\" src=\"https:\/\/www.varsanyirozmaring.hu\/wp-content\/uploads\/2021\/01\/IMG_4049-Copy-1-1024x683.jpg\" class=\"attachment-large size-large\" alt=\"\" loading=\"lazy\" srcset=\"https:\/\/www.varsanyirozmaring.hu\/wp-content\/uploads\/2021\/01\/IMG_4049-Copy-1-1024x683.jpg 1024w, https:\/\/www.varsanyirozmaring.hu\/wp-content\/uploads\/2021\/01\/IMG_4049-Copy-1-300x200.jpg 300w, https:\/\/www.varsanyirozmaring.hu\/wp-content\/uploads\/2021\/01\/IMG_4049-Copy-1-768x512.jpg 768w, https:\/\/www.varsanyirozmaring.hu\/wp-content\/uploads\/2021\/01\/IMG_4049-Copy-1-1536x1024.jpg 1536w, https:\/\/www.varsanyirozmaring.hu\/wp-content\/uploads\/2021\/01\/IMG_4049-Copy-1-2048x1365.jpg 2048w, https:\/\/www.varsanyirozmaring.hu\/wp-content\/uploads\/2021\/01\/IMG_4049-Copy-1-1200x800.jpg 1200w, https:\/\/www.varsanyirozmaring.hu\/wp-content\/uploads\/2021\/01\/IMG_4049-Copy-1-1980x1320.jpg 1980w\" sizes=\"(max-width: 525px) 100vw, 525px\" \/><\/a>\n\t\t\t<\/div><\/figure><figure class='gallery-item'>\n\t\t\t<div class='gallery-icon landscape'>\n\t\t\t\t<a href='https:\/\/www.varsanyirozmaring.hu\/wp-content\/uploads\/2022\/10\/311088390_534653028668341_7044809352913585144_n.jpg'><img width=\"525\" height=\"466\" src=\"https:\/\/www.varsanyirozmaring.hu\/wp-content\/uploads\/2022\/10\/311088390_534653028668341_7044809352913585144_n-1024x908.jpg\" class=\"attachment-large size-large\" alt=\"\" loading=\"lazy\" srcset=\"https:\/\/www.varsanyirozmaring.hu\/wp-content\/uploads\/2022\/10\/311088390_534653028668341_7044809352913585144_n-1024x908.jpg 1024w, https:\/\/www.varsanyirozmaring.hu\/wp-content\/uploads\/2022\/10\/311088390_534653028668341_7044809352913585144_n-300x266.jpg 300w, https:\/\/www.varsanyirozmaring.hu\/wp-content\/uploads\/2022\/10\/311088390_534653028668341_7044809352913585144_n-768x681.jpg 768w, https:\/\/www.varsanyirozmaring.hu\/wp-content\/uploads\/2022\/10\/311088390_534653028668341_7044809352913585144_n.jpg 1330w\" sizes=\"(max-width: 525px) 100vw, 525px\" \/><\/a>\n\t\t\t<\/div><\/figure><figure class='gallery-item'>\n\t\t\t<div class='gallery-icon portrait'>\n\t\t\t\t<a href='https:\/\/www.varsanyirozmaring.hu\/wp-content\/uploads\/2022\/10\/311190072_534646692002308_4251668460256005747_n.jpg'><img width=\"525\" height=\"700\" src=\"https:\/\/www.varsanyirozmaring.hu\/wp-content\/uploads\/2022\/10\/311190072_534646692002308_4251668460256005747_n.jpg\" class=\"attachment-large size-large\" alt=\"\" loading=\"lazy\" srcset=\"https:\/\/www.varsanyirozmaring.hu\/wp-content\/uploads\/2022\/10\/311190072_534646692002308_4251668460256005747_n.jpg 750w, https:\/\/www.varsanyirozmaring.hu\/wp-content\/uploads\/2022\/10\/311190072_534646692002308_4251668460256005747_n-225x300.jpg 225w\" sizes=\"(max-width: 525px) 100vw, 525px\" \/><\/a>\n\t\t\t<\/div><\/figure>\n\t\t<\/div>\n\n<p><span style=\"font-family: 'comic sans ms', sans-serif;\"><em>\u00c9tterm\u00fcnk \u00e9telei<\/em><\/span><\/p>\n<p>&nbsp;<\/p>\n<div id='gallery-3' class='gallery galleryid-31 gallery-columns-3 gallery-size-medium'><figure class='gallery-item'>\n\t\t\t<div class='gallery-icon landscape'>\n\t\t\t\t<a href='https:\/\/www.varsanyirozmaring.hu\/wp-content\/uploads\/2021\/07\/187735000_183397803664510_4522618930132075424_n.jpg'><img width=\"300\" height=\"200\" src=\"https:\/\/www.varsanyirozmaring.hu\/wp-content\/uploads\/2021\/07\/187735000_183397803664510_4522618930132075424_n-300x200.jpg\" class=\"attachment-medium size-medium\" alt=\"\" loading=\"lazy\" srcset=\"https:\/\/www.varsanyirozmaring.hu\/wp-content\/uploads\/2021\/07\/187735000_183397803664510_4522618930132075424_n-300x200.jpg 300w, https:\/\/www.varsanyirozmaring.hu\/wp-content\/uploads\/2021\/07\/187735000_183397803664510_4522618930132075424_n-1024x683.jpg 1024w, https:\/\/www.varsanyirozmaring.hu\/wp-content\/uploads\/2021\/07\/187735000_183397803664510_4522618930132075424_n-768x512.jpg 768w, https:\/\/www.varsanyirozmaring.hu\/wp-content\/uploads\/2021\/07\/187735000_183397803664510_4522618930132075424_n-1536x1024.jpg 1536w, https:\/\/www.varsanyirozmaring.hu\/wp-content\/uploads\/2021\/07\/187735000_183397803664510_4522618930132075424_n.jpg 1944w\" sizes=\"(max-width: 300px) 100vw, 300px\" \/><\/a>\n\t\t\t<\/div><\/figure><figure class='gallery-item'>\n\t\t\t<div class='gallery-icon landscape'>\n\t\t\t\t<a href='https:\/\/www.varsanyirozmaring.hu\/wp-content\/uploads\/2021\/07\/187507723_183397786997845_1492754621033542459_n.jpg'><img width=\"300\" height=\"164\" src=\"https:\/\/www.varsanyirozmaring.hu\/wp-content\/uploads\/2021\/07\/187507723_183397786997845_1492754621033542459_n-300x164.jpg\" class=\"attachment-medium size-medium\" alt=\"\" loading=\"lazy\" srcset=\"https:\/\/www.varsanyirozmaring.hu\/wp-content\/uploads\/2021\/07\/187507723_183397786997845_1492754621033542459_n-300x164.jpg 300w, https:\/\/www.varsanyirozmaring.hu\/wp-content\/uploads\/2021\/07\/187507723_183397786997845_1492754621033542459_n-1024x559.jpg 1024w, https:\/\/www.varsanyirozmaring.hu\/wp-content\/uploads\/2021\/07\/187507723_183397786997845_1492754621033542459_n-768x420.jpg 768w, https:\/\/www.varsanyirozmaring.hu\/wp-content\/uploads\/2021\/07\/187507723_183397786997845_1492754621033542459_n-1536x839.jpg 1536w, https:\/\/www.varsanyirozmaring.hu\/wp-content\/uploads\/2021\/07\/187507723_183397786997845_1492754621033542459_n.jpg 1944w\" sizes=\"(max-width: 300px) 100vw, 300px\" \/><\/a>\n\t\t\t<\/div><\/figure><figure class='gallery-item'>\n\t\t\t<div class='gallery-icon landscape'>\n\t\t\t\t<a href='https:\/\/www.varsanyirozmaring.hu\/wp-content\/uploads\/2021\/07\/156842397_137102908294000_1339039799295704290_n.jpg'><img width=\"300\" height=\"225\" src=\"https:\/\/www.varsanyirozmaring.hu\/wp-content\/uploads\/2021\/07\/156842397_137102908294000_1339039799295704290_n-300x225.jpg\" class=\"attachment-medium size-medium\" alt=\"\" loading=\"lazy\" srcset=\"https:\/\/www.varsanyirozmaring.hu\/wp-content\/uploads\/2021\/07\/156842397_137102908294000_1339039799295704290_n-300x225.jpg 300w, https:\/\/www.varsanyirozmaring.hu\/wp-content\/uploads\/2021\/07\/156842397_137102908294000_1339039799295704290_n-768x576.jpg 768w, https:\/\/www.varsanyirozmaring.hu\/wp-content\/uploads\/2021\/07\/156842397_137102908294000_1339039799295704290_n.jpg 960w\" sizes=\"(max-width: 300px) 100vw, 300px\" \/><\/a>\n\t\t\t<\/div><\/figure>\n\t\t<\/div>\n\n<div id='gallery-4' class='gallery galleryid-31 gallery-columns-3 gallery-size-thumbnail'><figure class='gallery-item'>\n\t\t\t<div class='gallery-icon landscape'>\n\t\t\t\t<a href='https:\/\/www.varsanyirozmaring.hu\/wp-content\/uploads\/2021\/08\/240222528_241856037818686_7042186625851429775_n.jpg'><img width=\"150\" height=\"150\" src=\"https:\/\/www.varsanyirozmaring.hu\/wp-content\/uploads\/2021\/08\/240222528_241856037818686_7042186625851429775_n-150x150.jpg\" class=\"attachment-thumbnail size-thumbnail\" alt=\"\" loading=\"lazy\" \/><\/a>\n\t\t\t<\/div><\/figure><figure class='gallery-item'>\n\t\t\t<div class='gallery-icon portrait'>\n\t\t\t\t<a href='https:\/\/www.varsanyirozmaring.hu\/wp-content\/uploads\/2022\/05\/275573775_5070702352967883_5783837306875352974_n.jpg'><img width=\"150\" height=\"150\" src=\"https:\/\/www.varsanyirozmaring.hu\/wp-content\/uploads\/2022\/05\/275573775_5070702352967883_5783837306875352974_n-150x150.jpg\" class=\"attachment-thumbnail size-thumbnail\" alt=\"\" loading=\"lazy\" \/><\/a>\n\t\t\t<\/div><\/figure><figure class='gallery-item'>\n\t\t\t<div class='gallery-icon portrait'>\n\t\t\t\t<a href='https:\/\/www.varsanyirozmaring.hu\/wp-content\/uploads\/2022\/05\/196238736_1651792938354833_7677841733251804433_n.jpg'><img width=\"150\" height=\"150\" src=\"https:\/\/www.varsanyirozmaring.hu\/wp-content\/uploads\/2022\/05\/196238736_1651792938354833_7677841733251804433_n-150x150.jpg\" class=\"attachment-thumbnail size-thumbnail\" alt=\"\" loading=\"lazy\" \/><\/a>\n\t\t\t<\/div><\/figure>\n\t\t<\/div>\n\n<div id='gallery-5' class='gallery galleryid-31 gallery-columns-3 gallery-size-medium'><figure class='gallery-item'>\n\t\t\t<div class='gallery-icon landscape'>\n\t\t\t\t<a href='https:\/\/www.varsanyirozmaring.hu\/wp-content\/uploads\/2022\/09\/275610472_5070702399634545_4492102578686269616_n.jpg'><img width=\"300\" height=\"201\" src=\"https:\/\/www.varsanyirozmaring.hu\/wp-content\/uploads\/2022\/09\/275610472_5070702399634545_4492102578686269616_n-300x201.jpg\" class=\"attachment-medium size-medium\" alt=\"\" loading=\"lazy\" srcset=\"https:\/\/www.varsanyirozmaring.hu\/wp-content\/uploads\/2022\/09\/275610472_5070702399634545_4492102578686269616_n-300x201.jpg 300w, https:\/\/www.varsanyirozmaring.hu\/wp-content\/uploads\/2022\/09\/275610472_5070702399634545_4492102578686269616_n-1024x686.jpg 1024w, https:\/\/www.varsanyirozmaring.hu\/wp-content\/uploads\/2022\/09\/275610472_5070702399634545_4492102578686269616_n-768x514.jpg 768w, https:\/\/www.varsanyirozmaring.hu\/wp-content\/uploads\/2022\/09\/275610472_5070702399634545_4492102578686269616_n.jpg 1535w\" sizes=\"(max-width: 300px) 100vw, 300px\" \/><\/a>\n\t\t\t<\/div><\/figure><figure class='gallery-item'>\n\t\t\t<div class='gallery-icon portrait'>\n\t\t\t\t<a href='https:\/\/www.varsanyirozmaring.hu\/wp-content\/uploads\/2022\/09\/197313718_1651793131688147_7931904536706122421_n.jpg'><img width=\"225\" height=\"300\" src=\"https:\/\/www.varsanyirozmaring.hu\/wp-content\/uploads\/2022\/09\/197313718_1651793131688147_7931904536706122421_n-225x300.jpg\" class=\"attachment-medium size-medium\" alt=\"\" loading=\"lazy\" srcset=\"https:\/\/www.varsanyirozmaring.hu\/wp-content\/uploads\/2022\/09\/197313718_1651793131688147_7931904536706122421_n-225x300.jpg 225w, https:\/\/www.varsanyirozmaring.hu\/wp-content\/uploads\/2022\/09\/197313718_1651793131688147_7931904536706122421_n.jpg 720w\" sizes=\"(max-width: 225px) 100vw, 225px\" \/><\/a>\n\t\t\t<\/div><\/figure><figure class='gallery-item'>\n\t\t\t<div class='gallery-icon landscape'>\n\t\t\t\t<a href='https:\/\/www.varsanyirozmaring.hu\/wp-content\/uploads\/2022\/05\/275661753_5070702389634546_3156176738104334825_n.jpg'><img width=\"300\" height=\"276\" src=\"https:\/\/www.varsanyirozmaring.hu\/wp-content\/uploads\/2022\/05\/275661753_5070702389634546_3156176738104334825_n-300x276.jpg\" class=\"attachment-medium size-medium\" alt=\"\" loading=\"lazy\" srcset=\"https:\/\/www.varsanyirozmaring.hu\/wp-content\/uploads\/2022\/05\/275661753_5070702389634546_3156176738104334825_n-300x276.jpg 300w, https:\/\/www.varsanyirozmaring.hu\/wp-content\/uploads\/2022\/05\/275661753_5070702389634546_3156176738104334825_n-1024x942.jpg 1024w, https:\/\/www.varsanyirozmaring.hu\/wp-content\/uploads\/2022\/05\/275661753_5070702389634546_3156176738104334825_n-768x706.jpg 768w, https:\/\/www.varsanyirozmaring.hu\/wp-content\/uploads\/2022\/05\/275661753_5070702389634546_3156176738104334825_n.jpg 1454w\" sizes=\"(max-width: 300px) 100vw, 300px\" \/><\/a>\n\t\t\t<\/div><\/figure>\n\t\t<\/div>\n\n<div id='gallery-6' class='gallery galleryid-31 gallery-columns-3 gallery-size-medium'><figure class='gallery-item'>\n\t\t\t<div class='gallery-icon portrait'>\n\t\t\t\t<a href='https:\/\/www.varsanyirozmaring.hu\/wp-content\/uploads\/2022\/09\/196437101_1651793101688150_5055158812737232080_n.jpg'><img width=\"225\" height=\"300\" src=\"https:\/\/www.varsanyirozmaring.hu\/wp-content\/uploads\/2022\/09\/196437101_1651793101688150_5055158812737232080_n-225x300.jpg\" class=\"attachment-medium size-medium\" alt=\"\" loading=\"lazy\" srcset=\"https:\/\/www.varsanyirozmaring.hu\/wp-content\/uploads\/2022\/09\/196437101_1651793101688150_5055158812737232080_n-225x300.jpg 225w, https:\/\/www.varsanyirozmaring.hu\/wp-content\/uploads\/2022\/09\/196437101_1651793101688150_5055158812737232080_n.jpg 720w\" sizes=\"(max-width: 225px) 100vw, 225px\" \/><\/a>\n\t\t\t<\/div><\/figure><figure class='gallery-item'>\n\t\t\t<div class='gallery-icon landscape'>\n\t\t\t\t<a href='https:\/\/www.varsanyirozmaring.hu\/wp-content\/uploads\/2022\/09\/144099666_117768910227400_5893694969582990808_n.jpg'><img width=\"300\" height=\"225\" src=\"https:\/\/www.varsanyirozmaring.hu\/wp-content\/uploads\/2022\/09\/144099666_117768910227400_5893694969582990808_n-300x225.jpg\" class=\"attachment-medium size-medium\" alt=\"\" loading=\"lazy\" srcset=\"https:\/\/www.varsanyirozmaring.hu\/wp-content\/uploads\/2022\/09\/144099666_117768910227400_5893694969582990808_n-300x225.jpg 300w, https:\/\/www.varsanyirozmaring.hu\/wp-content\/uploads\/2022\/09\/144099666_117768910227400_5893694969582990808_n-768x576.jpg 768w, https:\/\/www.varsanyirozmaring.hu\/wp-content\/uploads\/2022\/09\/144099666_117768910227400_5893694969582990808_n.jpg 960w\" sizes=\"(max-width: 300px) 100vw, 300px\" \/><\/a>\n\t\t\t<\/div><\/figure><figure class='gallery-item'>\n\t\t\t<div class='gallery-icon portrait'>\n\t\t\t\t<a href='https:\/\/www.varsanyirozmaring.hu\/wp-content\/uploads\/2022\/09\/197166870_1651793025021491_5557311838623256763_n.jpg'><img width=\"225\" height=\"300\" src=\"https:\/\/www.varsanyirozmaring.hu\/wp-content\/uploads\/2022\/09\/197166870_1651793025021491_5557311838623256763_n-225x300.jpg\" class=\"attachment-medium size-medium\" alt=\"\" loading=\"lazy\" srcset=\"https:\/\/www.varsanyirozmaring.hu\/wp-content\/uploads\/2022\/09\/197166870_1651793025021491_5557311838623256763_n-225x300.jpg 225w, https:\/\/www.varsanyirozmaring.hu\/wp-content\/uploads\/2022\/09\/197166870_1651793025021491_5557311838623256763_n.jpg 720w\" sizes=\"(max-width: 225px) 100vw, 225px\" \/><\/a>\n\t\t\t<\/div><\/figure><figure class='gallery-item'>\n\t\t\t<div class='gallery-icon portrait'>\n\t\t\t\t<a href='https:\/\/www.varsanyirozmaring.hu\/wp-content\/uploads\/2022\/10\/310913628_534652955335015_8684955631827557513_n.jpg'><img width=\"225\" height=\"300\" src=\"https:\/\/www.varsanyirozmaring.hu\/wp-content\/uploads\/2022\/10\/310913628_534652955335015_8684955631827557513_n-225x300.jpg\" class=\"attachment-medium size-medium\" alt=\"\" loading=\"lazy\" srcset=\"https:\/\/www.varsanyirozmaring.hu\/wp-content\/uploads\/2022\/10\/310913628_534652955335015_8684955631827557513_n-225x300.jpg 225w, https:\/\/www.varsanyirozmaring.hu\/wp-content\/uploads\/2022\/10\/310913628_534652955335015_8684955631827557513_n.jpg 750w\" sizes=\"(max-width: 225px) 100vw, 225px\" \/><\/a>\n\t\t\t<\/div><\/figure><figure class='gallery-item'>\n\t\t\t<div class='gallery-icon portrait'>\n\t\t\t\t<a href='https:\/\/www.varsanyirozmaring.hu\/wp-content\/uploads\/2022\/10\/310919205_534646108669033_7266365860147014108_n.jpg'><img width=\"225\" height=\"300\" src=\"https:\/\/www.varsanyirozmaring.hu\/wp-content\/uploads\/2022\/10\/310919205_534646108669033_7266365860147014108_n-225x300.jpg\" class=\"attachment-medium size-medium\" alt=\"\" loading=\"lazy\" srcset=\"https:\/\/www.varsanyirozmaring.hu\/wp-content\/uploads\/2022\/10\/310919205_534646108669033_7266365860147014108_n-225x300.jpg 225w, https:\/\/www.varsanyirozmaring.hu\/wp-content\/uploads\/2022\/10\/310919205_534646108669033_7266365860147014108_n.jpg 750w\" sizes=\"(max-width: 225px) 100vw, 225px\" \/><\/a>\n\t\t\t<\/div><\/figure><figure class='gallery-item'>\n\t\t\t<div class='gallery-icon portrait'>\n\t\t\t\t<a href='https:\/\/www.varsanyirozmaring.hu\/wp-content\/uploads\/2022\/10\/311296121_534653035335007_3392421174541931142_n.jpg'><img width=\"225\" height=\"300\" src=\"https:\/\/www.varsanyirozmaring.hu\/wp-content\/uploads\/2022\/10\/311296121_534653035335007_3392421174541931142_n-225x300.jpg\" class=\"attachment-medium size-medium\" alt=\"\" loading=\"lazy\" srcset=\"https:\/\/www.varsanyirozmaring.hu\/wp-content\/uploads\/2022\/10\/311296121_534653035335007_3392421174541931142_n-225x300.jpg 225w, https:\/\/www.varsanyirozmaring.hu\/wp-content\/uploads\/2022\/10\/311296121_534653035335007_3392421174541931142_n.jpg 750w\" sizes=\"(max-width: 225px) 100vw, 225px\" \/><\/a>\n\t\t\t<\/div><\/figure>\n\t\t<\/div>\n\n<p>&nbsp;<\/p>\n","protected":false},"excerpt":{"rendered":"<p>\u00c9tterem fot\u00f3k \u00c9tterm\u00fcnk \u00e9telei &nbsp; &nbsp;<\/p>\n","protected":false},"author":1,"featured_media":0,"parent":0,"menu_order":0,"comment_status":"closed","ping_status":"closed","template":"","meta":[],"_links":{"self":[{"href":"https:\/\/www.varsanyirozmaring.hu\/index.php?rest_route=\/wp\/v2\/pages\/31"}],"collection":[{"href":"https:\/\/www.varsanyirozmaring.hu\/index.php?rest_route=\/wp\/v2\/pages"}],"about":[{"href":"https:\/\/www.varsanyirozmaring.hu\/index.php?rest_route=\/wp\/v2\/types\/page"}],"author":[{"embeddable":true,"href":"https:\/\/www.varsanyirozmaring.hu\/index.php?rest_route=\/wp\/v2\/users\/1"}],"replies":[{"embeddable":true,"href":"https:\/\/www.varsanyirozmaring.hu\/index.php?rest_route=%2Fwp%2Fv2%2Fcomments&post=31"}],"version-history":[{"count":28,"href":"https:\/\/www.varsanyirozmaring.hu\/index.php?rest_route=\/wp\/v2\/pages\/31\/revisions"}],"predecessor-version":[{"id":669,"href":"https:\/\/www.varsanyirozmaring.hu\/index.php?rest_route=\/wp\/v2\/pages\/31\/revisions\/669"}],"wp:attachment":[{"href":"https:\/\/www.varsanyirozmaring.hu\/index.php?rest_route=%2Fwp%2Fv2%2Fmedia&parent=31"}],"curies":[{"name":"wp","href":"https:\/\/api.w.org\/{rel}","templated":true}]}}