{"id":29,"date":"2021-01-25T13:38:26","date_gmt":"2021-01-25T13:38:26","guid":{"rendered":"http:\/\/www.varsanyirozmaring.hu\/?page_id=29"},"modified":"2022-12-06T10:55:37","modified_gmt":"2022-12-06T10:55:37","slug":"rolunk","status":"publish","type":"page","link":"https:\/\/www.varsanyirozmaring.hu\/?page_id=29","title":{"rendered":"R\u00f3lunk \u00edrt\u00e1k"},"content":{"rendered":"<p><\/p>\r\n<div>\r\n<div class=\"\" dir=\"auto\">\r\n<div id=\"jsc_c_nr\" class=\"ecm0bbzt hv4rvrfc e5nlhep0 dati1w0a\" data-ad-comet-preview=\"message\" data-ad-preview=\"message\">\r\n<div class=\"jxjCjc\">\r\n<div>\r\n<ul>\r\n<li class=\"Jtu6Td\"><span class=\"f5axBf\" style=\"color: #000000; font-family: 'book antiqua', palatino, serif;\" data-ved=\"2ahUKEwiGy77Gvqr6AhWBlYsKHduECKIQjSt6BAgBEDE\"><span class=\"review-full-text\">-&#8230;..Magas sz\u00ednvonal\u00fa kedves kiszolg\u00e1l\u00e1s, gy\u00f6ny\u00f6r\u0171en kialak\u00edtott \u00e9tteremben, budapesthez (vagy b\u00e1rmihez) m\u00e9rten is kimagasl\u00f3 min\u0151s\u00e9g\u0171 \u00e9telek. A hagyom\u00e1ny\u0151rz\u00e9s olyan kult\u00far\u00e1lt, tiszta, sz\u00e9p, mai kornak megfelel\u0151 csomagol\u00e1sa, amilyet orsz\u00e1gosan kev\u00e9s helyen tapasztalni. Nem a \u201cguly\u00e1sleves &#8211; kock\u00e1s abrosz\u201d, vagy a f\u00fazi\u00f3s gundel palacsinta vil\u00e1ga, hanem a r\u00e9gi\u00f3ra jellemz\u0151 t\u00e1jjelleg\u0171 \u00e9telek Michelin-csillagot \u00e9r\u0151 min\u0151s\u00e9ge mennyis\u00e9gben \u00e9s \u00e1r-\u00e9rt\u00e9k ar\u00e1nyban. Mindez kedves \u00e9s szeretetteljes kiszolg\u00e1l\u00e1ssal p\u00e1rosul. Ezt kellene d\u00edjazni valamilyen csillaggal. A hagyom\u00e1nyos Vars\u00e1nyi \u00e9telek k\u00f6z\u00fcl is j\u00f3p\u00e1rat kipr\u00f3b\u00e1ltunk, mindegyik meg\u00e9ri az 5 csillagot!\u00a0<\/span><\/span><\/li>\r\n<\/ul>\r\n<div class=\"hTt9T\">\u00a0<\/div>\r\n<\/div>\r\n<\/div>\r\n<div class=\"DQBZx\">\r\n<div class=\"mR2gOd\">\r\n<ul>\r\n<li class=\"JrO5Xe\" aria-label=\"Fot\u00f3k\"><span style=\"color: #000000; font-family: 'book antiqua', palatino, serif;\">-&#8230;..Meglep\u0151, hogy egy ilyen kis faluban ilyen szuper \u00e9tterem van, de t\u00e9nyleg nem v\u00e9letlen a sok 5 csillag \ud83d\ude42.<\/span><br \/><span style=\"color: #000000; font-family: 'book antiqua', palatino, serif;\">Nagyon finom \u00e9teleket ett\u00fcnk \u00e9s a kiszolg\u00e1l\u00e1s is remek volt. M\u00e9g a saj\u00e1t hib\u00e1nkat is gyorsan orvosolt\u00e1k (egy \u00e9tellel kevesebbet rendelt\u00fcnk). Abszol\u00fat meg\u00e9rte az \u00e1r\u00e1t! J\u00f3 sz\u00edvvel aj\u00e1nlom mindenkinek!<\/span><\/li>\r\n<\/ul>\r\n<\/div>\r\n<\/div>\r\n<div class=\"j83agx80 cbu4d94t ew0dbk1b irj2b8pg\">\r\n<div class=\"qzhwtbm6 knvmm38d\">\r\n<div class=\"kvgmc6g5 cxmmr5t8 oygrvhab hcukyx3x c1et5uql ii04i59q\">\r\n<div>\r\n<div class=\"\" dir=\"auto\">\r\n<div id=\"jsc_c_1u8\" class=\"d2hqwtrz r227ecj6 ez8dtbzv gt60zsk1\" data-ad-comet-preview=\"message\" data-ad-preview=\"message\">\r\n<div class=\"alzwoclg cqf1kptm siwo0mpr gu5uzgus\">\r\n<div class=\"jroqu855 nthtkgg5\">\r\n<div class=\"m8h3af8h l7ghb35v kjdc1dyq kmwttqpk gh25dzvf n3t5jt4f\">\r\n<ul>\r\n<li dir=\"auto\"><span style=\"color: #000000; font-family: 'book antiqua', palatino, serif;\">-&#8230;..2022.08.13-\u00e1n tartottuk a lakodalmunkat a Rozmaringban. 88 f\u0151vel k\u00e9nyelmesen elf\u00e9rt\u00fcnk a sz\u00e9p, tradicion\u00e1lis helyis\u00e9gben, t\u00e1nct\u00e9rnek is maradt elegend\u0151 hely. Az \u00e9telek \u00edzletesek voltak, gusztusos t\u00e1lal\u00e1ssal. A szem\u00e9lyzet kedves volt \u00e9s a kiszolg\u00e1l\u00e1ssal is nagyon el\u00e9gedettek voltunk. Vend\u00e9geink szint\u00e9n hasonl\u00f3an v\u00e9lekedtek, akik k\u00f6z\u00f6tt sz\u00e1mos vend\u00e9gl\u00e1t\u00f3s is volt. \u00d6sszes\u00e9g\u00e9ben nagyon magas sz\u00ednvonalat kaptunk, minden t\u00e9ren.<\/span><\/li>\r\n<\/ul>\r\n<\/div>\r\n<div class=\"l7ghb35v kjdc1dyq kmwttqpk gh25dzvf jikcssrz n3t5jt4f\">\r\n<div dir=\"auto\"><span style=\"color: #000000; font-family: 'book antiqua', palatino, serif;\">Gratul\u00e1lunk \u00e9s h\u00e1l\u00e1s k\u00f6sz\u00f6net\u00fcnk a Rozmaring \u00e9tterem teljes csapat\u00e1nak!\u00a0 K\u00f6sz\u00f6nettel: Percze Csaba<\/span><\/div>\r\n<\/div>\r\n<\/div>\r\n<\/div>\r\n<\/div>\r\n<\/div>\r\n<div id=\"jsc_c_1u9\" class=\"om3e55n1\">\r\n<div class=\"om3e55n1\">\r\n<div>\r\n<div>\r\n<div>\r\n<div class=\"om3e55n1\">\r\n<div class=\"om3e55n1\">\r\n<div class=\"lq84ybu9 hf30pyar s8sjc6am\">\r\n<div class=\"hf30pyar lq84ybu9\">\r\n<div class=\"nuz1ool1 lq84ybu9 hf30pyar om3e55n1\">\r\n<div class=\"s8sjc6am ekq1a7f9\"><span style=\"color: #000000; font-family: 'book antiqua', palatino, serif;\"><img class=\"z6erz7xo on4d8346 pytsy3co s8sjc6am myo4itp8 ekq1a7f9 mfclru0v\" src=\"https:\/\/scontent.fbud7-3.fna.fbcdn.net\/v\/t39.30808-6\/305962680_7925476220826883_4254496119049918679_n.jpg?stp=dst-jpg_s960x960&amp;_nc_cat=109&amp;ccb=1-7&amp;_nc_sid=730e14&amp;_nc_ohc=ykTd3nMLH50AX_dxsF8&amp;_nc_ht=scontent.fbud7-3.fna&amp;oh=00_AT_6M0oYC-8ErBz-m_Opx-i208Kt7DSO7erLpiOgC6bgBA&amp;oe=63332EBA\" alt=\"\" \/><\/span><\/div>\r\n<\/div>\r\n<ul>\r\n<li class=\"ekq1a7f9 myo4itp8 s8sjc6am l10tt5db on4d8346 bdao358l z6erz7xo r8vnayig a05blw6y\"><span style=\"color: #000000; font-family: 'book antiqua', palatino, serif;\">-&#8230;&#8230; t\u00e1jegys\u00e9gre jellemz\u0151 hagyom\u00e1nyos \u00e9teleket h\u00e1ziasan, de magas min\u0151s\u00e9gben k\u00e9sz\u00edtik \u00e9s t\u00e1lalj\u00e1k, az enteri\u0151r a n\u00e9pm\u0171v\u00e9szetet \u00edzl\u00e9sesen jelen\u00edti meg. Nagyon kellemes meglepet\u00e9s a hagyom\u00e1nyos \u00e9telek vil\u00e1g\u00e1ban, magasabbra l\u00e9ptek a szokv\u00e1nyos kock\u00e1s ter\u00edt\u0151s-magyaros vend\u00e9gl\u0151s szintn\u00e9l, m\u00e9gis \u0151rzik a n\u00f3gr\u00e1di trad\u00edci\u00f3kat.<\/span><\/li>\r\n<\/ul>\r\n<\/div>\r\n<\/div>\r\n<ul>\r\n<li class=\"o9erhkwx dzqi5evh hupbnkgi hvb2xoa8 z6erz7xo on4d8346 jkp44r48 l10tt5db s8sjc6am myo4itp8 ekq1a7f9 pym4i58u ldembo95 mwa1sm0y\" data-visualcompletion=\"ignore\"><span style=\"color: #000000; font-family: 'book antiqua', palatino, serif;\">-&#8230;.Szuper szem\u00e9lyzet, finom \u00e9telek, csod\u00e1s k\u00f6rnyezet! Csak aj\u00e1nlani tudom!<\/span><\/li>\r\n<\/ul>\r\n<\/div>\r\n<\/div>\r\n<\/div>\r\n<\/div>\r\n<\/div>\r\n<\/div>\r\n<\/div>\r\n<\/div>\r\n<ul>\r\n<li dir=\"auto\"><span style=\"font-family: 'book antiqua', palatino, serif; color: #000000;\">-&#8230;..Adrienn szolg\u00e1lt ki minket, v\u00e9gig nagyon kedves udvarias seg\u00edt\u0151k\u00e9sz volt ! Az \u00e9telek finomak voltak, a limon\u00e1d\u00e9 v\u00e1laszt\u00e9k is meglep\u0151. Szivb\u0151l aj\u00e1nljuk!<\/span><\/li>\r\n<\/ul>\r\n<div dir=\"auto\">\u00a0<\/div>\r\n<ul>\r\n<li dir=\"auto\"><span style=\"font-family: 'book antiqua', palatino, serif; color: #000000;\">-&#8230;.Kedves szem\u00e9lyzet, t\u00f6k\u00e9letesen finom \u00e9telek, gyors udvarias kiszolg\u00e1l\u00e1s. A hely tiszta, ig\u00e9nyes csak aj\u00e1nlani tudom. Igazi gy\u00f6ngyszem N\u00f3gr\u00e1d megy\u00e9ben\u00a0<\/span><\/li>\r\n<\/ul>\r\n<div dir=\"auto\">\u00a0<\/div>\r\n<ul>\r\n<li dir=\"auto\" style=\"text-align: center;\"><span style=\"font-family: 'book antiqua', palatino, serif; color: #000000;\">&#8211; &#8230;.\u00cdzl\u00e9ses, hangulatos k\u00f6rnyezetben l\u00e9v\u0151 vend\u00e9gl\u0151, ahol minden \u00e1ltalunk v\u00e1lasztott \u00e9tel gondosan, \u00edzletesen volt elk\u00e9sz\u00edtve. A t\u00far\u00f3s lep\u00e9ny pedig kifog\u00e1stalan! Megy\u00fcnk m\u00e1skor is, van m\u00e9g mit megk\u00f3stolni!&#8230;.<\/span><\/li>\r\n<\/ul>\r\n<p>&nbsp;<\/p>\r\n<ul>\r\n<li dir=\"auto\"><span style=\"font-family: 'book antiqua', palatino, serif; color: #000000;\">-&#8230;..Csod\u00e1latos, ig\u00e9nyes k\u00f6rnyezet, nagyon kedves, emberk\u00f6zpont\u00fa szem\u00e9lyzet, nagyon finom, v\u00e1ltozatos \u00e9telek, h\u00e9tr\u0151l-h\u00e9tre \u00fajdons\u00e1gok az \u00e9tlapon. H\u00e1zi t\u00e9szt\u00e1b\u00f3l k\u00e9sz\u00edtett \u00e9telek, helybeli termel\u0151k \u00e1ltal k\u00e9sz\u00edtett term\u00e9kekkel, helybeliek \u00e1ltal k\u00e9sz\u00edtett b\u00fatorokkal. Minden n\u00e9gyzetcentim\u00e9ter\u00e9t im\u00e1dtuk! <span class=\"pq6dq46d tbxw36s4 knj5qynh kvgmc6g5 ditlmg2l oygrvhab nvdbi5me sf5mxxl7 gl3lb2sf hhz5lgdu\"><img loading=\"lazy\" src=\"https:\/\/static.xx.fbcdn.net\/images\/emoji.php\/v9\/t6c\/1\/16\/2764.png\" alt=\"\u2764\ufe0f\" width=\"16\" height=\"16\" \/><\/span><\/span><\/li>\r\n<\/ul>\r\n<div>\r\n<div class=\"\" dir=\"auto\">\r\n<div id=\"jsc_c_1rx\" class=\"ecm0bbzt hv4rvrfc dati1w0a e5nlhep0\" data-ad-comet-preview=\"message\" data-ad-preview=\"message\">\r\n<div class=\"j83agx80 cbu4d94t ew0dbk1b irj2b8pg\">\r\n<div class=\"qzhwtbm6 knvmm38d\">\r\n<div class=\"kvgmc6g5 cxmmr5t8 oygrvhab hcukyx3x c1et5uql ii04i59q\">\r\n<ul>\r\n<li dir=\"auto\"><span style=\"font-family: 'book antiqua', palatino, serif; color: #000000;\">-&#8230;Ide \u00e9rdemes ell\u00e1togatni! Az olaszos h\u00e9tv\u00e9ge telital\u00e1lat volt. A h\u00e1zi t\u00e9szta, h\u00e1zi sz\u00f6rp\u00f6k \u00edzletesek, vitt\u00fcnk haz\u00e1ra is. <span class=\"pq6dq46d tbxw36s4 knj5qynh kvgmc6g5 ditlmg2l oygrvhab nvdbi5me sf5mxxl7 gl3lb2sf hhz5lgdu\"><img loading=\"lazy\" src=\"https:\/\/static.xx.fbcdn.net\/images\/emoji.php\/v9\/t6c\/1\/16\/2764.png\" alt=\"\u2764\" width=\"16\" height=\"16\" \/><\/span><\/span><\/li>\r\n<li dir=\"auto\"><span style=\"font-family: 'book antiqua', palatino, serif; color: #000000;\">Kedvesek az ott dolgoz\u00f3k, nagyon sz\u00edv\u00e9lyes a kiszolg\u00e1l\u00e1s.Mi biztos, hogy visszat\u00e9r\u00fcnk ide!<\/span><\/li>\r\n<\/ul>\r\n<\/div>\r\n<\/div>\r\n<\/div>\r\n<\/div>\r\n<\/div>\r\n<\/div>\r\n<div>\r\n<div class=\"stjgntxs ni8dbmo4 l82x9zwi uo3d90p7 h905i5nu monazrh9\" data-visualcompletion=\"ignore-dynamic\">\r\n<div class=\"l9j0dhe7\">\r\n<div class=\"bp9cbjyn m9osqain j83agx80 jq4qci2q bkfpd7mw a3bd9o3v kvgmc6g5 wkznzc2l oygrvhab dhix69tm jktsbyx5 rz4wbd8a osnr6wyh a8nywdso s1tcr66n\">\r\n<div class=\"kb5gq1qc pfnyh3mw c0wkt4kp\">\u00a0<\/div>\r\n<\/div>\r\n<\/div>\r\n<\/div>\r\n<\/div>\r\n<ul>\r\n<li dir=\"auto\"><span style=\"font-family: 'book antiqua', palatino, serif; color: #000000;\">-&#8230;..Gy\u00f6ny\u00f6r\u0171 hely, fantasztikus \u00e9telek! A szem\u00e9lyzet nagyon kedves. Sz\u00edvb\u0151l aj\u00e1nlom!<\/span><\/li>\r\n<\/ul>\r\n<\/div>\r\n<\/div>\r\n<\/div>\r\n<\/div>\r\n<\/div>\r\n<\/div>\r\n<figure class=\"wp-block-embed is-type-wp-embed is-provider-nool wp-block-embed-nool\">\r\n<ul>\r\n<li class=\"wp-block-embed__wrapper\"><span style=\"font-family: 'book antiqua', palatino, serif; color: #000000;\"><a style=\"color: #000000;\" href=\"https:\/\/www.nool.hu\/kozelet\/helyi-kozelet\/osszeer-a-mult-a-jelen-es-a-jovo-atadtak-a-falu-nagyberuhazasat-varsanyban-3543556\/\">https:\/\/www.nool.hu\/kozelet\/helyi-kozelet\/osszeer-a-mult-a-jelen-es-a-jovo-atadtak-a-falu-nagyberuhazasat-varsanyban-3543556\/<\/a><\/span><\/li>\r\n<\/ul>\r\n<\/figure>\r\n<p><span style=\"font-family: 'book antiqua', palatino, serif; color: #000000;\">\r\n\r\n<\/span><\/p>\r\n<ul>\r\n<li><span style=\"font-family: 'book antiqua', palatino, serif; color: #000000;\"><a style=\"color: #000000;\" href=\"https:\/\/kozfoglalkoztatas.kormany.hu\/interaktiv-gasztronomiai-oktato-es-bemutato-ter-rozmaring-etterem\">https:\/\/kozfoglalkoztatas.kormany.hu\/interaktiv-gasztronomiai-oktato-es-bemutato-ter-rozmaring-etterem<\/a><\/span><\/li>\r\n<li><span style=\"font-family: 'book antiqua', palatino, serif; color: #000000;\">-Sz\u00edv\u00e9lyes fogad\u00e1s, nagyon finom \u00e9telek, aranyos pinc\u00e9rn\u0151 \u00e9s hangulatos k\u00f6rnyezet&#8230;<\/span>\r\n<div dir=\"auto\"><span style=\"font-family: 'book antiqua', palatino, serif; color: #000000;\">Sz\u00edvb\u0151l aj\u00e1nlom mindenkinek <span class=\"pq6dq46d tbxw36s4 knj5qynh kvgmc6g5 ditlmg2l oygrvhab nvdbi5me sf5mxxl7 gl3lb2sf hhz5lgdu\"><img loading=\"lazy\" src=\"https:\/\/static.xx.fbcdn.net\/images\/emoji.php\/v9\/teb\/1\/16\/2763.png\" alt=\"\u2763\ufe0f\" width=\"16\" height=\"16\" \/><\/span><\/span><\/div>\r\n<\/li>\r\n<li><span style=\"font-family: 'book antiqua', palatino, serif; color: #000000;\">&#8211; Csod\u00e1latos kis gy\u00f6ngyszem N\u00f3gr\u00e1d megy\u00e9ben a kiszolg\u00e1l\u00e1s szakmabelik\u00e9nt is kifog\u00e1stalan volt. Az \u00e9telek \u00edze \u00e9s mennyis\u00e9ge szint\u00e9n 10\/10. A hely hangulata \u00e9s diz\u00e1jnja hagyom\u00e1ny\u0151rz\u0151 \u00e9s nagyon szuper. Im\u00e1dtuk az eg\u00e9szet! K\u00f6sz\u00f6n\u00f6m, r\u00e9g j\u00e1rtam ilyen remek vend\u00e9gl\u00e1t\u00f3egys\u00e9gben..<\/span><\/li>\r\n<\/ul>\r\n<p>&nbsp;<\/p>\r\n<ul>\r\n<li><span style=\"font-family: 'book antiqua', palatino, serif; color: #000000;\">-Azzal kezden\u00e9m, hogy az ut\u00f3bbi \u00f6t \u00e9vben ink\u00e1bb csal\u00f3d\u00e1ssal t\u00e1voztam az \u00e9ttermekb\u0151l, mint el\u00e9gedetts\u00e9ggel. Mostan\u00e1ban ink\u00e1bb nem ment\u00fcnk, mert a legalja kateg\u00f3ri\u00e1t s\u00farolt\u00e1k. R\u00e1 kellett j\u00f6nn\u00fcnk, hogy el kell engedni Budapestet \u00e9s k\u00f6rny\u00e9k\u00e9t, ink\u00e1bb \u00fclj aut\u00f3ba \u00e9s fedezd fel a vid\u00e9ket. Ez az \u00e9tterem viszi a p\u00e1lm\u00e1t.<\/span><br \/><span style=\"font-family: 'book antiqua', palatino, serif; color: #000000;\">K\u00f6rnyezet, \u00e9tterem: bar\u00e1ts\u00e1gos, tiszta, makul\u00e1tlan, hangulatos. M\u00e9g a mosd\u00f3ban is el tudn\u00e1d fogyasztani az \u00e9telt.<\/span><br \/><span style=\"font-family: 'book antiqua', palatino, serif; color: #000000;\">Felszolg\u00e1l\u00e1s: k\u00f6zvetlen, gyors, figyelmes \u00e9s kedves.\/ pl.:a pinc\u00e9r r\u00f6gt\u00f6n megtal\u00e1lhat\u00f3, a levest forr\u00f3n k\u00e9rtem \u00e9s k\u00e9t kan\u00e1l ut\u00e1n odaj\u00f6tt \u00e9s megk\u00e9rdezte, hogy megfelel\u0151-e a h\u0151m\u00e9rs\u00e9klete. M\u00e1shol a bunk\u00f3 v\u00e1lasz, hogy mi mindig forr\u00f3n t\u00e1laljuk \u00e9s kihozz\u00e1k langyosan. Itt \u00e9rdekli a szem\u00e9lyzetet a vend\u00e9g \u00edzl\u00e9se.<\/span><br \/><span style=\"font-family: 'book antiqua', palatino, serif; color: #000000;\">\u00c9tel: b\u0151s\u00e9ges v\u00e1laszt\u00e9k, megfelel\u0151 adag \u00e9s h\u00e1t az \u00edzek, mennyeiek\/pedig vad kaj\u00e1kban \u0171ber finny\u00e1s vagyok.<\/span><br \/><span style=\"font-family: 'book antiqua', palatino, serif; color: #000000;\">\u00c1rak: nem besz\u00e9lek magam ellen, de a dupl\u00e1j\u00e1t is meg\u00e9rn\u00e9.<\/span><br \/><span style=\"font-family: 'book antiqua', palatino, serif; color: #000000;\">\u00d6sszegezve: ha van id\u0151t\u00f6k \u00e9s lehet\u0151s\u00e9getek pr\u00f3b\u00e1lj\u00e1tok ki \u00e9s j\u00f3 \u00e9rz\u00e9ssel j\u00f3l lakottan t\u00e1voztok.<\/span><br \/><span style=\"font-family: 'book antiqua', palatino, serif; color: #000000;\">Csak \u00edgy tov\u00e1bb \u00e9s k\u00f6sz\u00f6nj\u00fck!<\/span><\/li>\r\n<\/ul>\r\n","protected":false},"excerpt":{"rendered":"<p>https:\/\/kozfoglalkoztatas.kormany.hu\/interaktiv-gasztronomiai-oktato-es-bemutato-ter-rozmaring-etterem -Sz\u00edv\u00e9lyes fogad\u00e1s, nagyon finom \u00e9telek, aranyos pinc\u00e9rn\u0151 \u00e9s hangulatos k\u00f6rnyezet&#8230; Sz\u00edvb\u0151l aj\u00e1nlom mindenkinek &#8211; Csod\u00e1latos kis gy\u00f6ngyszem N\u00f3gr\u00e1d megy\u00e9ben&hellip;<\/p>\n","protected":false},"author":1,"featured_media":0,"parent":0,"menu_order":0,"comment_status":"closed","ping_status":"closed","template":"","meta":[],"_links":{"self":[{"href":"https:\/\/www.varsanyirozmaring.hu\/index.php?rest_route=\/wp\/v2\/pages\/29"}],"collection":[{"href":"https:\/\/www.varsanyirozmaring.hu\/index.php?rest_route=\/wp\/v2\/pages"}],"about":[{"href":"https:\/\/www.varsanyirozmaring.hu\/index.php?rest_route=\/wp\/v2\/types\/page"}],"author":[{"embeddable":true,"href":"https:\/\/www.varsanyirozmaring.hu\/index.php?rest_route=\/wp\/v2\/users\/1"}],"replies":[{"embeddable":true,"href":"https:\/\/www.varsanyirozmaring.hu\/index.php?rest_route=%2Fwp%2Fv2%2Fcomments&post=29"}],"version-history":[{"count":14,"href":"https:\/\/www.varsanyirozmaring.hu\/index.php?rest_route=\/wp\/v2\/pages\/29\/revisions"}],"predecessor-version":[{"id":736,"href":"https:\/\/www.varsanyirozmaring.hu\/index.php?rest_route=\/wp\/v2\/pages\/29\/revisions\/736"}],"wp:attachment":[{"href":"https:\/\/www.varsanyirozmaring.hu\/index.php?rest_route=%2Fwp%2Fv2%2Fmedia&parent=29"}],"curies":[{"name":"wp","href":"https:\/\/api.w.org\/{rel}","templated":true}]}}