{"id":27,"date":"2021-01-25T13:36:12","date_gmt":"2021-01-25T13:36:12","guid":{"rendered":"http:\/\/www.varsanyirozmaring.hu\/?page_id=27"},"modified":"2023-07-28T10:23:17","modified_gmt":"2023-07-28T10:23:17","slug":"kapcsolat","status":"publish","type":"page","link":"https:\/\/www.varsanyirozmaring.hu\/?page_id=27","title":{"rendered":"Kapcsolat"},"content":{"rendered":"\r\n<div class=\"wp-block-image is-style-rounded\">\r\n<figure class=\"aligncenter size-medium\"><img loading=\"lazy\" width=\"300\" height=\"219\" class=\"wp-image-323 alignleft\" src=\"http:\/\/www.varsanyirozmaring.hu\/wp-content\/uploads\/2021\/03\/logo_szinezett_atl-300x219.png\" alt=\"\" srcset=\"https:\/\/www.varsanyirozmaring.hu\/wp-content\/uploads\/2021\/03\/logo_szinezett_atl-300x219.png 300w, https:\/\/www.varsanyirozmaring.hu\/wp-content\/uploads\/2021\/03\/logo_szinezett_atl.png 546w\" sizes=\"(max-width: 300px) 100vw, 300px\" \/><\/figure>\r\n<\/div>\r\n\r\n\r\n\r\n<p style=\"text-align: center;\"><strong><span class=\"has-inline-color has-vivid-red-color\" style=\"font-family: 'book antiqua', palatino, serif; color: #000000;\">C\u00edm: 3178 Vars\u00e1ny, Kossuth \u00fat 1\/a<\/span><\/strong><\/p>\r\n<p style=\"text-align: center;\"><strong><span class=\"has-inline-color has-vivid-red-color\" style=\"font-family: 'book antiqua', palatino, serif; color: #000000;\">Nyitvatart\u00e1s:<\/span><\/strong><\/p>\r\n<p style=\"text-align: center;\"><strong><span style=\"font-family: 'book antiqua', palatino, serif; color: #000000;\">H\u00e9tf\u0151: z\u00e1rva<\/span><\/strong><\/p>\r\n<p style=\"text-align: center;\"><strong><span class=\"has-inline-color has-vivid-red-color\" style=\"font-family: 'book antiqua', palatino, serif; color: #000000;\">Kedd-vas\u00e1rnap: 11:00-t\u00f3l\u00a0 20:00-ig.<\/span><\/strong><\/p>\r\n<p>&nbsp;<\/p>\r\n\r\n<p style=\"text-align: center;\"><a href=\"http:\/\/www.varsanyirozmaring.hu\/wp-content\/uploads\/2023\/07\/7-scaled.jpg\"><img loading=\"lazy\" class=\" wp-image-853 aligncenter\" src=\"http:\/\/www.varsanyirozmaring.hu\/wp-content\/uploads\/2023\/07\/7-1024x768.jpg\" alt=\"\" width=\"690\" height=\"518\" srcset=\"https:\/\/www.varsanyirozmaring.hu\/wp-content\/uploads\/2023\/07\/7-1024x768.jpg 1024w, https:\/\/www.varsanyirozmaring.hu\/wp-content\/uploads\/2023\/07\/7-300x225.jpg 300w, https:\/\/www.varsanyirozmaring.hu\/wp-content\/uploads\/2023\/07\/7-768x576.jpg 768w, https:\/\/www.varsanyirozmaring.hu\/wp-content\/uploads\/2023\/07\/7-1536x1152.jpg 1536w, https:\/\/www.varsanyirozmaring.hu\/wp-content\/uploads\/2023\/07\/7-2048x1536.jpg 2048w\" sizes=\"(max-width: 690px) 100vw, 690px\" \/><\/a><iframe style=\"border: 0;\" src=\"https:\/\/www.google.com\/maps\/embed?pb=!1m18!1m12!1m3!1d2667.5768055085205!2d19.489113215792027!3d48.04119976584734!2m3!1f0!2f0!3f0!3m2!1i1024!2i768!4f13.1!3m3!1m2!1s0x474019a7a5ed3e3f%3A0x4457be8d97d7cf6d!2sVars%C3%A1nyi%20Rozmaring%20%C3%89tterem!5e0!3m2!1shu!2shu!4v1616424284501!5m2!1shu!2shu\" width=\"600\" height=\"450\" allowfullscreen=\"allowfullscreen\"><\/iframe><\/p>","protected":false},"excerpt":{"rendered":"<p>C\u00edm: 3178 Vars\u00e1ny, Kossuth \u00fat 1\/a Nyitvatart\u00e1s: H\u00e9tf\u0151: z\u00e1rva Kedd-vas\u00e1rnap: 11:00-t\u00f3l\u00a0 20:00-ig. &nbsp;<\/p>\n","protected":false},"author":1,"featured_media":0,"parent":0,"menu_order":0,"comment_status":"closed","ping_status":"closed","template":"","meta":[],"_links":{"self":[{"href":"https:\/\/www.varsanyirozmaring.hu\/index.php?rest_route=\/wp\/v2\/pages\/27"}],"collection":[{"href":"https:\/\/www.varsanyirozmaring.hu\/index.php?rest_route=\/wp\/v2\/pages"}],"about":[{"href":"https:\/\/www.varsanyirozmaring.hu\/index.php?rest_route=\/wp\/v2\/types\/page"}],"author":[{"embeddable":true,"href":"https:\/\/www.varsanyirozmaring.hu\/index.php?rest_route=\/wp\/v2\/users\/1"}],"replies":[{"embeddable":true,"href":"https:\/\/www.varsanyirozmaring.hu\/index.php?rest_route=%2Fwp%2Fv2%2Fcomments&post=27"}],"version-history":[{"count":16,"href":"https:\/\/www.varsanyirozmaring.hu\/index.php?rest_route=\/wp\/v2\/pages\/27\/revisions"}],"predecessor-version":[{"id":854,"href":"https:\/\/www.varsanyirozmaring.hu\/index.php?rest_route=\/wp\/v2\/pages\/27\/revisions\/854"}],"wp:attachment":[{"href":"https:\/\/www.varsanyirozmaring.hu\/index.php?rest_route=%2Fwp%2Fv2%2Fmedia&parent=27"}],"curies":[{"name":"wp","href":"https:\/\/api.w.org\/{rel}","templated":true}]}}